{"id":29,"date":"2024-08-09T07:43:10","date_gmt":"2024-08-09T07:43:10","guid":{"rendered":"https:\/\/stg-uzabase-uzabase.kinsta.cloud\/vn\/?page_id=29"},"modified":"2024-08-09T07:43:10","modified_gmt":"2024-08-09T07:43:10","slug":"government-agencies","status":"publish","type":"page","link":"https:\/\/sea.ub-speeda.com\/vn\/clients\/government-agencies\/","title":{"rendered":"Government Agencies"},"content":{"rendered":"","protected":false},"excerpt":{"rendered":"","protected":false},"author":3,"featured_media":0,"parent":19,"menu_order":0,"comment_status":"closed","ping_status":"closed","template":"who-we-serve\/government-agencies-page.php","meta":{"footnotes":""},"class_list":["post-29","page","type-page","status-publish","hentry"],"yoast_head":"<!-- This site is optimized with the Yoast SEO plugin v26.1.1 - https:\/\/yoast.com\/wordpress\/plugins\/seo\/ -->\n<title>Government Agencies - Speeda Vi\u1ec7t Nam<\/title>\n<meta name=\"robots\" content=\"index, follow, max-snippet:-1, max-image-preview:large, max-video-preview:-1\" \/>\n<link rel=\"canonical\" href=\"https:\/\/sea.ub-speeda.com\/vn\/clients\/government-agencies\/\" \/>\n<meta property=\"og:locale\" content=\"vi_VN\" \/>\n<meta property=\"og:type\" content=\"article\" \/>\n<meta property=\"og:title\" content=\"Government Agencies - Speeda Vi\u1ec7t Nam\" \/>\n<meta property=\"og:url\" content=\"https:\/\/sea.ub-speeda.com\/vn\/clients\/government-agencies\/\" \/>\n<meta property=\"og:site_name\" content=\"Speeda Vi\u1ec7t Nam\" \/>\n<meta name=\"twitter:card\" content=\"summary_large_image\" \/>\n<script type=\"application\/ld+json\" class=\"yoast-schema-graph\">{\"@context\":\"https:\/\/schema.org\",\"@graph\":[{\"@type\":\"WebPage\",\"@id\":\"https:\/\/sea.ub-speeda.com\/vn\/clients\/government-agencies\/\",\"url\":\"https:\/\/sea.ub-speeda.com\/vn\/clients\/government-agencies\/\",\"name\":\"Government Agencies - Speeda Vi\u1ec7t Nam\",\"isPartOf\":{\"@id\":\"https:\/\/sea.ub-speeda.com\/vn\/#website\"},\"datePublished\":\"2024-08-09T07:43:10+00:00\",\"breadcrumb\":{\"@id\":\"https:\/\/sea.ub-speeda.com\/vn\/clients\/government-agencies\/#breadcrumb\"},\"inLanguage\":\"vi\",\"potentialAction\":[{\"@type\":\"ReadAction\",\"target\":[\"https:\/\/sea.ub-speeda.com\/vn\/clients\/government-agencies\/\"]}]},{\"@type\":\"BreadcrumbList\",\"@id\":\"https:\/\/sea.ub-speeda.com\/vn\/clients\/government-agencies\/#breadcrumb\",\"itemListElement\":[{\"@type\":\"ListItem\",\"position\":1,\"name\":\"Home\",\"item\":\"https:\/\/sea.ub-speeda.com\/vn\/\"},{\"@type\":\"ListItem\",\"position\":2,\"name\":\"Clients\",\"item\":\"https:\/\/sea.ub-speeda.com\/vn\/clients\/\"},{\"@type\":\"ListItem\",\"position\":3,\"name\":\"Government Agencies\"}]},{\"@type\":\"WebSite\",\"@id\":\"https:\/\/sea.ub-speeda.com\/vn\/#website\",\"url\":\"https:\/\/sea.ub-speeda.com\/vn\/\",\"name\":\"Speeda Vi\u1ec7t Nam\",\"description\":\"T\u0103ng t\u1ed1c nghi\u00ean c\u1ee9u c\u1ee7a b\u1ea1n v\u1edbi d\u1eef li\u1ec7u v\u00e0 th\u00f4ng tin chuy\u00ean s\u00e2u t\u1eadp trung v\u00e0o Ch\u00e2u \u00c1\",\"publisher\":{\"@id\":\"https:\/\/sea.ub-speeda.com\/vn\/#organization\"},\"potentialAction\":[{\"@type\":\"SearchAction\",\"target\":{\"@type\":\"EntryPoint\",\"urlTemplate\":\"https:\/\/sea.ub-speeda.com\/vn\/?s={search_term_string}\"},\"query-input\":{\"@type\":\"PropertyValueSpecification\",\"valueRequired\":true,\"valueName\":\"search_term_string\"}}],\"inLanguage\":\"vi\"},{\"@type\":\"Organization\",\"@id\":\"https:\/\/sea.ub-speeda.com\/vn\/#organization\",\"name\":\"Speeda Vi\u1ec7t Nam\",\"url\":\"https:\/\/sea.ub-speeda.com\/vn\/\",\"logo\":{\"@type\":\"ImageObject\",\"inLanguage\":\"vi\",\"@id\":\"https:\/\/sea.ub-speeda.com\/vn\/#\/schema\/logo\/image\/\",\"url\":\"https:\/\/sea.ub-speeda.com\/vn\/wp-content\/uploads\/sites\/4\/2025\/09\/speeda_Global_W.png\",\"contentUrl\":\"https:\/\/sea.ub-speeda.com\/vn\/wp-content\/uploads\/sites\/4\/2025\/09\/speeda_Global_W.png\",\"width\":2000,\"height\":924,\"caption\":\"Speeda Vi\u1ec7t Nam\"},\"image\":{\"@id\":\"https:\/\/sea.ub-speeda.com\/vn\/#\/schema\/logo\/image\/\"}}]}<\/script>\n<!-- \/ Yoast SEO plugin. -->","yoast_head_json":{"title":"Government Agencies - Speeda Vi\u1ec7t Nam","robots":{"index":"index","follow":"follow","max-snippet":"max-snippet:-1","max-image-preview":"max-image-preview:large","max-video-preview":"max-video-preview:-1"},"canonical":"https:\/\/sea.ub-speeda.com\/vn\/clients\/government-agencies\/","og_locale":"vi_VN","og_type":"article","og_title":"Government Agencies - Speeda Vi\u1ec7t Nam","og_url":"https:\/\/sea.ub-speeda.com\/vn\/clients\/government-agencies\/","og_site_name":"Speeda Vi\u1ec7t Nam","twitter_card":"summary_large_image","schema":{"@context":"https:\/\/schema.org","@graph":[{"@type":"WebPage","@id":"https:\/\/sea.ub-speeda.com\/vn\/clients\/government-agencies\/","url":"https:\/\/sea.ub-speeda.com\/vn\/clients\/government-agencies\/","name":"Government Agencies - Speeda Vi\u1ec7t Nam","isPartOf":{"@id":"https:\/\/sea.ub-speeda.com\/vn\/#website"},"datePublished":"2024-08-09T07:43:10+00:00","breadcrumb":{"@id":"https:\/\/sea.ub-speeda.com\/vn\/clients\/government-agencies\/#breadcrumb"},"inLanguage":"vi","potentialAction":[{"@type":"ReadAction","target":["https:\/\/sea.ub-speeda.com\/vn\/clients\/government-agencies\/"]}]},{"@type":"BreadcrumbList","@id":"https:\/\/sea.ub-speeda.com\/vn\/clients\/government-agencies\/#breadcrumb","itemListElement":[{"@type":"ListItem","position":1,"name":"Home","item":"https:\/\/sea.ub-speeda.com\/vn\/"},{"@type":"ListItem","position":2,"name":"Clients","item":"https:\/\/sea.ub-speeda.com\/vn\/clients\/"},{"@type":"ListItem","position":3,"name":"Government Agencies"}]},{"@type":"WebSite","@id":"https:\/\/sea.ub-speeda.com\/vn\/#website","url":"https:\/\/sea.ub-speeda.com\/vn\/","name":"Speeda Vi\u1ec7t Nam","description":"T\u0103ng t\u1ed1c nghi\u00ean c\u1ee9u c\u1ee7a b\u1ea1n v\u1edbi d\u1eef li\u1ec7u v\u00e0 th\u00f4ng tin chuy\u00ean s\u00e2u t\u1eadp trung v\u00e0o Ch\u00e2u \u00c1","publisher":{"@id":"https:\/\/sea.ub-speeda.com\/vn\/#organization"},"potentialAction":[{"@type":"SearchAction","target":{"@type":"EntryPoint","urlTemplate":"https:\/\/sea.ub-speeda.com\/vn\/?s={search_term_string}"},"query-input":{"@type":"PropertyValueSpecification","valueRequired":true,"valueName":"search_term_string"}}],"inLanguage":"vi"},{"@type":"Organization","@id":"https:\/\/sea.ub-speeda.com\/vn\/#organization","name":"Speeda Vi\u1ec7t Nam","url":"https:\/\/sea.ub-speeda.com\/vn\/","logo":{"@type":"ImageObject","inLanguage":"vi","@id":"https:\/\/sea.ub-speeda.com\/vn\/#\/schema\/logo\/image\/","url":"https:\/\/sea.ub-speeda.com\/vn\/wp-content\/uploads\/sites\/4\/2025\/09\/speeda_Global_W.png","contentUrl":"https:\/\/sea.ub-speeda.com\/vn\/wp-content\/uploads\/sites\/4\/2025\/09\/speeda_Global_W.png","width":2000,"height":924,"caption":"Speeda Vi\u1ec7t Nam"},"image":{"@id":"https:\/\/sea.ub-speeda.com\/vn\/#\/schema\/logo\/image\/"}}]}},"_links":{"self":[{"href":"https:\/\/sea.ub-speeda.com\/vn\/wp-json\/wp\/v2\/pages\/29","targetHints":{"allow":["GET"]}}],"collection":[{"href":"https:\/\/sea.ub-speeda.com\/vn\/wp-json\/wp\/v2\/pages"}],"about":[{"href":"https:\/\/sea.ub-speeda.com\/vn\/wp-json\/wp\/v2\/types\/page"}],"author":[{"embeddable":true,"href":"https:\/\/sea.ub-speeda.com\/vn\/wp-json\/wp\/v2\/users\/3"}],"replies":[{"embeddable":true,"href":"https:\/\/sea.ub-speeda.com\/vn\/wp-json\/wp\/v2\/comments?post=29"}],"version-history":[{"count":0,"href":"https:\/\/sea.ub-speeda.com\/vn\/wp-json\/wp\/v2\/pages\/29\/revisions"}],"up":[{"embeddable":true,"href":"https:\/\/sea.ub-speeda.com\/vn\/wp-json\/wp\/v2\/pages\/19"}],"wp:attachment":[{"href":"https:\/\/sea.ub-speeda.com\/vn\/wp-json\/wp\/v2\/media?parent=29"}],"curies":[{"name":"wp","href":"https:\/\/api.w.org\/{rel}","templated":true}]}}